{"id":80,"date":"2024-01-13T19:43:07","date_gmt":"2024-01-13T19:43:07","guid":{"rendered":"https:\/\/uctovnictvo.eckari.sk\/?page_id=80"},"modified":"2024-01-13T19:44:45","modified_gmt":"2024-01-13T19:44:45","slug":"uvod","status":"publish","type":"page","link":"https:\/\/uctovnictvo.eckari.sk\/","title":{"rendered":""},"content":{"rendered":"\n<p id=\"block-229bcd56-57f5-4395-83e5-01c46132892c\">\ufeff<\/p>\n\n\n\n<p id=\"block-c2534e68-ea5b-4a50-a946-f4726cf3f2e8\">V\u00edtam \u0165a na na\u0161ej str\u00e1nke!<\/p>\n\n\n\n<p id=\"block-d864b909-155d-47ce-a494-d367870238dd\">N\u00e1jde\u0161 tu v\u0161etky potrebn\u00e9 z\u00e1kladn\u00e9 inform\u00e1cie o&nbsp;<strong>\u00da\u010dtovn\u00edctve<\/strong> plus pr\u00edklady na precvi\u010denie.<\/p>\n\n\n\n<p id=\"block-7f12a0f7-15a1-49be-9aac-d8d54736cfd0\">T\u00e1to str\u00e1nka je vytvoren\u00e1 ako u\u010debn\u00e1 pom\u00f4cka pre \u017eiakov stredn\u00fdch \u0161k\u00f4l a&nbsp;hlavne pre maturantov, ako zjednodu\u0161en\u00e1 pom\u00f4cka na pr\u00edpravu.<\/p>\n\n\n\n<p id=\"block-710a12fc-cb1d-42d6-83d4-011cdb94e8fb\">Ver\u00edme, \u017ee sa V\u00e1m bude t\u00e1to str\u00e1nka p\u00e1\u010di\u0165 a&nbsp;hlavne to najpodstatnej\u0161ie je, \u017ee V\u00e1m pom\u00f4\u017ee pri pr\u00edprav\u00e1ch ako na maturity, ale aj do be\u017en\u00e9ho \u017eivota.<\/p>\n\n\n\n<p><\/p>\n","protected":false},"excerpt":{"rendered":"<p>\ufeff V\u00edtam \u0165a na na\u0161ej str\u00e1nke! N\u00e1jde\u0161 tu v\u0161etky potrebn\u00e9 z\u00e1kladn\u00e9 inform\u00e1cie o&nbsp;\u00da\u010dtovn\u00edctve plus pr\u00edklady na precvi\u010denie. T\u00e1to str\u00e1nka je vytvoren\u00e1 ako u\u010debn\u00e1 pom\u00f4cka pre \u017eiakov stredn\u00fdch \u0161k\u00f4l a&nbsp;hlavne pre maturantov, ako zjednodu\u0161en\u00e1 pom\u00f4cka na pr\u00edpravu. Ver\u00edme, \u017ee sa V\u00e1m bude t\u00e1to str\u00e1nka p\u00e1\u010di\u0165 a&nbsp;hlavne to najpodstatnej\u0161ie je, \u017ee V\u00e1m pom\u00f4\u017ee pri pr\u00edprav\u00e1ch ako na &hellip; <\/p>\n<p class=\"link-more\"><a href=\"https:\/\/uctovnictvo.eckari.sk\/\" class=\"more-link\">Pokra\u010dova\u0165 v \u010d\u00edtan\u00ed<span class=\"screen-reader-text\"> &#8222;&#8220;<\/span><\/a><\/p>\n","protected":false},"author":1,"featured_media":0,"parent":0,"menu_order":0,"comment_status":"closed","ping_status":"closed","template":"","meta":{"footnotes":""},"class_list":["post-80","page","type-page","status-publish","hentry"],"_links":{"self":[{"href":"https:\/\/uctovnictvo.eckari.sk\/index.php\/wp-json\/wp\/v2\/pages\/80","targetHints":{"allow":["GET"]}}],"collection":[{"href":"https:\/\/uctovnictvo.eckari.sk\/index.php\/wp-json\/wp\/v2\/pages"}],"about":[{"href":"https:\/\/uctovnictvo.eckari.sk\/index.php\/wp-json\/wp\/v2\/types\/page"}],"author":[{"embeddable":true,"href":"https:\/\/uctovnictvo.eckari.sk\/index.php\/wp-json\/wp\/v2\/users\/1"}],"replies":[{"embeddable":true,"href":"https:\/\/uctovnictvo.eckari.sk\/index.php\/wp-json\/wp\/v2\/comments?post=80"}],"version-history":[{"count":2,"href":"https:\/\/uctovnictvo.eckari.sk\/index.php\/wp-json\/wp\/v2\/pages\/80\/revisions"}],"predecessor-version":[{"id":83,"href":"https:\/\/uctovnictvo.eckari.sk\/index.php\/wp-json\/wp\/v2\/pages\/80\/revisions\/83"}],"wp:attachment":[{"href":"https:\/\/uctovnictvo.eckari.sk\/index.php\/wp-json\/wp\/v2\/media?parent=80"}],"curies":[{"name":"wp","href":"https:\/\/api.w.org\/{rel}","templated":true}]}}